{"id":524,"date":"2020-11-18T13:24:20","date_gmt":"2020-11-18T12:24:20","guid":{"rendered":"https:\/\/cms-static.testowaplatforma123.net\/lvbet-blog-com-casino\/responsible-gaming\/"},"modified":"2021-02-02T15:18:32","modified_gmt":"2021-02-02T14:18:32","slug":"responsible-gaming","status":"publish","type":"page","link":"https:\/\/cms-static.testowaplatforma123.net\/lvbet-blog-com-casino\/fi\/responsible-gaming\/","title":{"rendered":"Responsible gaming fi\u0144ski"},"content":{"rendered":"<h3>PROCES REJESTRACJI KLIENTA ORAZ ZAKAZ ZAWIERANIA ZAK\u0141AD\u00d3W PRZEZ OSOBY, KT\u00d3RE NIE UKO\u0143CZY\u0141Y 18 ROKU \u017bYCIA<\/h3>\n<ul>\n<li>Zawieranie zak\u0142ad\u00f3w przez osoby, kt\u00f3re nie uko\u0144czy\u0142y 18 lat jest zabronione. W tym celu przed dopuszczeniem potencjalnego uczestnika do gry Sp\u00f3\u0142ka dokona weryfikacji jego wieku i to\u017csamo\u015bci.<\/li>\n<li>Udzia\u0142 w grach hazardowych oferowanych na stronie www.lvbet.pl mog\u0105 bra\u0107 jedynie zarejestrowani Klienci, a ich rejestracja mo\u017cliwa jest wy\u0142\u0105cznie po zapoznaniu si\u0119 z Regulaminem zak\u0142ad\u00f3w wzajemnych-bukmacherskich urz\u0105dzanych przez sie\u0107 Internet oraz Regulaminem odpowiedzialnej gry.<\/li>\n<li>Organizator zak\u0142ad\u00f3w dokonuje weryfikacji wieku uczestnik\u00f3w, zapewniaj\u0105c ochron\u0119 przed udzia\u0142em w zak\u0142adach os\u00f3b niepe\u0142noletnich. Procedura rejestracji oraz weryfikacji wieku i to\u017csamo\u015bci potencjalnego uczestnika gry opisana zosta\u0142a w tre\u015bci Regulaminu gry (zak\u0142ad\u00f3w) dost\u0119pnego na stronie https:\/\/lvbet.pl\/regulamin. Sp\u00f3\u0142ka prowadzi ww. dzia\u0142ania w szczeg\u00f3lno\u015bci poprzez poni\u017csze regulacje:\n<ul>\n<li>Zak\u0142ady mo\u017cna zawiera\u0107 po dokonaniu prawid\u0142owej rejestracji Klienta na Ivbet.pl oraz po weryfikacji jego danych osobowych oraz wieku.<\/li>\n<li>W celu prawid\u0142owej rejestracji, Klient zobowi\u0105zany jest:\n<ul>\n<li>poprawnie wype\u0142ni\u0107 Formularz rejestracyjny znajduj\u0105cy si\u0119 na Stronie internetowej lvbet.pl,<\/li>\n<li>za\u0142\u0105czy\u0107 do Formularza obustronny skan lub fotografi\u0119 swojego dowodu osobistego lub paszportu,<\/li>\n<li>w przypadku obcokrajowca, zobowi\u0105zany jest on do do\u0142\u0105czenia paszportu, w ka\u017cdym przypadku z widocznymi danymi osobowymi oraz numerem tego dowodu to\u017csamo\u015bci,<\/li>\n<li>lub uda\u0107 si\u0119 do dowolnego stacjonarnego punktu przyjmowania zak\u0142ad\u00f3w wzajemnych, w celu wype\u0142nienia drukowanej wersji formularza rejestracyjnego.<\/li>\n<li>Kolorowy skan lub fotografia dowodu osobistego, czy te\u017c paszportu o kt\u00f3rym mowa wy\u017cej powinien zawiera\u0107 czytelne pola zawieraj\u0105ce nast\u0119puj\u0105ce dane:\n<ul>\n<li>imi\u0119 i nazwisko,<\/li>\n<li>data urodzenia,<\/li>\n<li>numer PESEL (o ile dokument zawiera),<\/li>\n<li>numer dowodu osobistego lub paszportu,<\/li>\n<li>dat\u0119 wa\u017cno\u015bci dokumentu.<\/li>\n<\/ul>\n<\/li>\n<li>Dane inne, ni\u017c wymienione w punkcie poprzednim mog\u0105 zosta\u0107 przez Klienta zas\u0142oni\u0119te lub przekre\u015blone. Sp\u00f3\u0142ka zastrzega sobie prawo do odrzucenia p\u0119kni\u0119tego lub uszkodzonego dokumentu to\u017csamo\u015bci przes\u0142anego do weryfikacji LVkonta.<\/li>\n<li>W przypadku rejestracji w Punkcie stacjonarnym, Klient zobowi\u0105zany jest do okazania dowodu osobistego lub paszportu, a w przypadku obcokrajowca &#8211; paszportu, w celu weryfikacji przez pracownika Punktu stacjonarnego podanych danych osobowych oraz wieku Klienta.<\/li>\n<li>Klient odpowiada za prawdziwo\u015b\u0107 i poprawno\u015b\u0107 wszystkich danych, kt\u00f3re przeka\u017ce Sp\u00f3\u0142ce w czasie rejestracji i zobowi\u0105zany jest do dokonania aktualizacji podanych danych w przypadku, gdy ulegn\u0105 one zmianie.<\/li>\n<li>Klient zawieraj\u0105c umow\u0119 na otwarcie LVkonta o\u015bwiadcza, \u017ce przed jej zawarciem zapozna\u0142 si\u0119 z niniejszym Regulaminem i akceptuje jego postanowienia, a podane przez niego dane s\u0105 zgodne z prawd\u0105 oraz, \u017ce uko\u0144czy\u0142 18 rok \u017cycia.<\/li>\n<li>Dla cel\u00f3w bezpiecze\u0144stwa i identyfikacji Klienta, ka\u017cdy Klient b\u0119dzie posiada\u0142 unikatowy Login (nazwa u\u017cytkownika) i przydzielone has\u0142o ochronne, kt\u00f3re b\u0119d\u0105 s\u0142u\u017cy\u0142y do logowania si\u0119 do LVkonta, a kt\u00f3re Klient jest zobowi\u0105zany zawsze poprawnie wype\u0142ni\u0107 przed zalogowaniem si\u0119 do LVkonta. Login nie mo\u017ce zawiera\u0107 s\u0142\u00f3w lub tre\u015bci uznanych powszechnie za wulgarne, obra\u017aliwe lub sprzeczne z zasadami wsp\u00f3\u0142\u017cycia spo\u0142ecznego.<\/li>\n<li>Klient ma prawo zmieni\u0107 swoje has\u0142o ochronne na warunkach bezpiecze\u0144stwa ustalonych wcze\u015bniej przez Organizatora zak\u0142ad\u00f3w.<\/li>\n<li>Klient jest zobowi\u0105zany zawsze tak pos\u0142ugiwa\u0107 si\u0119 swoimi danymi identyfikacyjnymi (loginem i has\u0142em), aby zapobiec ich wykorzystaniu i udost\u0119pnieniu osobom trzecim.<\/li>\n<li>Organizator zak\u0142ad\u00f3w wzajemnych nie ponosi odpowiedzialno\u015bci za szkody powsta\u0142e z tytu\u0142u udost\u0119pnienia przez Klienta loginu lub has\u0142a do LVkonta oraz innych danych, kt\u00f3re go osobi\u015bcie dotycz\u0105, a s\u0105 zwi\u0105zane z braniem udzia\u0142u w zak\u0142adach wzajemnych, cho\u0107by wynika\u0142y z winy nieumy\u015blnej Klienta oraz za inne szkody powsta\u0142e w wyniku niew\u0142a\u015bciwego korzystania z LVkonta przez Klienta.<\/li>\n<li>Klient do LVkonta loguje si\u0119 przy u\u017cyciu swoich danych identyfikacyjnych tj. loginu I has\u0142a ochronnego. Posiadanie LVkonta jest bezterminowe, dobrowolne i bezp\u0142atne, jednak niezb\u0119dne w celu uczestnictwa w zak\u0142adach wzajemnych organizowanych przez sie\u0107 Internet przez Organizatora zak\u0142ad\u00f3w wzajemnych.<\/li>\n<\/ul>\n<\/li>\n<\/ul>\n<\/li>\n<li>W przypadku powzi\u0119cia podejrzenia, \u017ce LVkonto u\u017cywane jest przez osob\u0119 do tego nieuprawnion\u0105, w tym przez osob\u0119 niepe\u0142noletni\u0105, Organizator zak\u0142ad\u00f3w wzajemnych ma prawo za\u017c\u0105da\u0107 dodatkowej weryfikacji, tj. przes\u0142ania mailem, lub okazania w punkcie stacjonarnym przyjmowania zak\u0142ad\u00f3w Sp\u00f3\u0142ki dodatkowego dokumentu to\u017csamo\u015bci. W takiej sytuacji, LVkonto mo\u017ce zosta\u0107 zablokowane wraz z mo\u017cliwo\u015bci\u0105 dokonywania wp\u0142at\/wyp\u0142at do momentu potwierdzenia, i\u017c LVkonto u\u017cywane jest przez osob\u0119 do tego uprawnion\u0105.<\/li>\n<li>Sp\u00f3\u0142ka zastrzega, i\u017c wszelkie informacje handlowe, akcje promocyjne, reklamy, konkursy kierowane s\u0105 przez Sp\u00f3\u0142k\u0119 wy\u0142\u0105cznie do os\u00f3b pe\u0142noletnich.<\/li>\n<\/ul>\n","protected":false},"excerpt":{"rendered":"<p>PROCES REJESTRACJI KLIENTA ORAZ ZAKAZ ZAWIERANIA ZAK\u0141AD\u00d3W PRZEZ OSOBY, KT\u00d3RE NIE UKO\u0143CZY\u0141Y 18 ROKU \u017bYCIA Zawieranie zak\u0142ad\u00f3w przez osoby, kt\u00f3re &hellip;<\/p><\/div>\n<div class=\"read-more\"> <a class=\"\" href=\"https:\/\/cms-static.testowaplatforma123.net\/lvbet-blog-com-casino\/fi\/responsible-gaming\/\"> <span class=\"screen-reader-text\">Responsible gaming fi\u0144ski<\/span> read more<\/a><\/p>\n","protected":false},"author":1,"featured_media":0,"parent":0,"menu_order":0,"comment_status":"closed","ping_status":"closed","template":"","meta":[],"yoast_head":"<!-- This site is optimized with the Yoast SEO plugin v17.3 - https:\/\/yoast.com\/wordpress\/plugins\/seo\/ -->\n<title>Responsible gaming fi\u0144ski - LV BET Blogi<\/title>\n<meta name=\"robots\" content=\"noindex, follow, max-snippet:-1, max-image-preview:large, max-video-preview:-1\" \/>\n<meta property=\"og:locale\" content=\"fi_FI\" \/>\n<meta property=\"og:type\" content=\"article\" \/>\n<meta property=\"og:title\" content=\"Responsible gaming fi\u0144ski - LV BET Blogi\" \/>\n<meta property=\"og:description\" content=\"PROCES REJESTRACJI KLIENTA ORAZ ZAKAZ ZAWIERANIA ZAK\u0141AD\u00d3W PRZEZ OSOBY, KT\u00d3RE NIE UKO\u0143CZY\u0141Y 18 ROKU \u017bYCIA Zawieranie zak\u0142ad\u00f3w przez osoby, kt\u00f3re &hellip; Responsible gaming fi\u0144ski read more\" \/>\n<meta property=\"og:url\" content=\"https:\/\/cms-static.testowaplatforma123.net\/lvbet-blog-com-casino\/fi\/responsible-gaming\/\" \/>\n<meta property=\"og:site_name\" content=\"LV BET Blogi\" \/>\n<meta property=\"article:modified_time\" content=\"2021-02-02T14:18:32+00:00\" \/>\n<meta name=\"twitter:card\" content=\"summary_large_image\" \/>\n<meta name=\"twitter:label1\" content=\"Est. reading time\" \/>\n\t<meta name=\"twitter:data1\" content=\"4 minutes\" \/>\n<script type=\"application\/ld+json\" class=\"yoast-schema-graph\">{\"@context\":\"https:\/\/schema.org\",\"@graph\":[{\"@type\":\"WebSite\",\"@id\":\"https:\/\/cms-static.testowaplatforma123.net\/lvbet-blog-com-casino\/fi\/#website\",\"url\":\"https:\/\/cms-static.testowaplatforma123.net\/lvbet-blog-com-casino\/fi\/\",\"name\":\"LV BET Blogi\",\"description\":\"Urheilu-uutiset, kertoimet & vetovihjeet\",\"potentialAction\":[{\"@type\":\"SearchAction\",\"target\":{\"@type\":\"EntryPoint\",\"urlTemplate\":\"https:\/\/cms-static.testowaplatforma123.net\/lvbet-blog-com-casino\/fi\/?s={search_term_string}\"},\"query-input\":\"required name=search_term_string\"}],\"inLanguage\":\"fi\"},{\"@type\":\"WebPage\",\"@id\":\"https:\/\/cms-static.testowaplatforma123.net\/lvbet-blog-com-casino\/fi\/responsible-gaming\/#webpage\",\"url\":\"https:\/\/cms-static.testowaplatforma123.net\/lvbet-blog-com-casino\/fi\/responsible-gaming\/\",\"name\":\"Responsible gaming fi\\u0144ski - LV BET Blogi\",\"isPartOf\":{\"@id\":\"https:\/\/cms-static.testowaplatforma123.net\/lvbet-blog-com-casino\/fi\/#website\"},\"datePublished\":\"2020-11-18T12:24:20+00:00\",\"dateModified\":\"2021-02-02T14:18:32+00:00\",\"breadcrumb\":{\"@id\":\"https:\/\/cms-static.testowaplatforma123.net\/lvbet-blog-com-casino\/fi\/responsible-gaming\/#breadcrumb\"},\"inLanguage\":\"fi\",\"potentialAction\":[{\"@type\":\"ReadAction\",\"target\":[\"https:\/\/cms-static.testowaplatforma123.net\/lvbet-blog-com-casino\/fi\/responsible-gaming\/\"]}]},{\"@type\":\"BreadcrumbList\",\"@id\":\"https:\/\/cms-static.testowaplatforma123.net\/lvbet-blog-com-casino\/fi\/responsible-gaming\/#breadcrumb\",\"itemListElement\":[{\"@type\":\"ListItem\",\"position\":1,\"name\":\"Responsible gaming fi\\u0144ski\"}]}]}<\/script>\n<!-- \/ Yoast SEO plugin. -->","yoast_head_json":{"title":"Responsible gaming fi\u0144ski - LV BET Blogi","robots":{"index":"noindex","follow":"follow","max-snippet":"max-snippet:-1","max-image-preview":"max-image-preview:large","max-video-preview":"max-video-preview:-1"},"og_locale":"fi_FI","og_type":"article","og_title":"Responsible gaming fi\u0144ski - LV BET Blogi","og_description":"PROCES REJESTRACJI KLIENTA ORAZ ZAKAZ ZAWIERANIA ZAK\u0141AD\u00d3W PRZEZ OSOBY, KT\u00d3RE NIE UKO\u0143CZY\u0141Y 18 ROKU \u017bYCIA Zawieranie zak\u0142ad\u00f3w przez osoby, kt\u00f3re &hellip; Responsible gaming fi\u0144ski read more","og_url":"https:\/\/cms-static.testowaplatforma123.net\/lvbet-blog-com-casino\/fi\/responsible-gaming\/","og_site_name":"LV BET Blogi","article_modified_time":"2021-02-02T14:18:32+00:00","twitter_card":"summary_large_image","twitter_misc":{"Est. reading time":"4 minutes"},"schema":{"@context":"https:\/\/schema.org","@graph":[{"@type":"WebSite","@id":"https:\/\/cms-static.testowaplatforma123.net\/lvbet-blog-com-casino\/fi\/#website","url":"https:\/\/cms-static.testowaplatforma123.net\/lvbet-blog-com-casino\/fi\/","name":"LV BET Blogi","description":"Urheilu-uutiset, kertoimet & vetovihjeet","potentialAction":[{"@type":"SearchAction","target":{"@type":"EntryPoint","urlTemplate":"https:\/\/cms-static.testowaplatforma123.net\/lvbet-blog-com-casino\/fi\/?s={search_term_string}"},"query-input":"required name=search_term_string"}],"inLanguage":"fi"},{"@type":"WebPage","@id":"https:\/\/cms-static.testowaplatforma123.net\/lvbet-blog-com-casino\/fi\/responsible-gaming\/#webpage","url":"https:\/\/cms-static.testowaplatforma123.net\/lvbet-blog-com-casino\/fi\/responsible-gaming\/","name":"Responsible gaming fi\u0144ski - LV BET Blogi","isPartOf":{"@id":"https:\/\/cms-static.testowaplatforma123.net\/lvbet-blog-com-casino\/fi\/#website"},"datePublished":"2020-11-18T12:24:20+00:00","dateModified":"2021-02-02T14:18:32+00:00","breadcrumb":{"@id":"https:\/\/cms-static.testowaplatforma123.net\/lvbet-blog-com-casino\/fi\/responsible-gaming\/#breadcrumb"},"inLanguage":"fi","potentialAction":[{"@type":"ReadAction","target":["https:\/\/cms-static.testowaplatforma123.net\/lvbet-blog-com-casino\/fi\/responsible-gaming\/"]}]},{"@type":"BreadcrumbList","@id":"https:\/\/cms-static.testowaplatforma123.net\/lvbet-blog-com-casino\/fi\/responsible-gaming\/#breadcrumb","itemListElement":[{"@type":"ListItem","position":1,"name":"Responsible gaming fi\u0144ski"}]}]}},"amp_enabled":true,"_links":{"self":[{"href":"https:\/\/cms-static.testowaplatforma123.net\/lvbet-blog-com-casino\/fi\/wp-json\/wp\/v2\/pages\/524"}],"collection":[{"href":"https:\/\/cms-static.testowaplatforma123.net\/lvbet-blog-com-casino\/fi\/wp-json\/wp\/v2\/pages"}],"about":[{"href":"https:\/\/cms-static.testowaplatforma123.net\/lvbet-blog-com-casino\/fi\/wp-json\/wp\/v2\/types\/page"}],"author":[{"embeddable":true,"href":"https:\/\/cms-static.testowaplatforma123.net\/lvbet-blog-com-casino\/fi\/wp-json\/wp\/v2\/users\/1"}],"replies":[{"embeddable":true,"href":"https:\/\/cms-static.testowaplatforma123.net\/lvbet-blog-com-casino\/fi\/wp-json\/wp\/v2\/comments?post=524"}],"version-history":[{"count":1,"href":"https:\/\/cms-static.testowaplatforma123.net\/lvbet-blog-com-casino\/fi\/wp-json\/wp\/v2\/pages\/524\/revisions"}],"predecessor-version":[{"id":525,"href":"https:\/\/cms-static.testowaplatforma123.net\/lvbet-blog-com-casino\/fi\/wp-json\/wp\/v2\/pages\/524\/revisions\/525"}],"wp:attachment":[{"href":"https:\/\/cms-static.testowaplatforma123.net\/lvbet-blog-com-casino\/fi\/wp-json\/wp\/v2\/media?parent=524"}],"curies":[{"name":"wp","href":"https:\/\/api.w.org\/{rel}","templated":true}]}}