{"id":1412,"date":"2020-11-18T13:24:20","date_gmt":"2020-11-18T12:24:20","guid":{"rendered":"https:\/\/cms-static.testowaplatforma123.net\/lvbet-blog-com-casino\/responsible-gaming\/"},"modified":"2021-05-25T12:38:41","modified_gmt":"2021-05-25T10:38:41","slug":"responsible-gaming","status":"publish","type":"page","link":"https:\/\/cms-static.testowaplatforma123.net\/lvbet-blog-com-casino\/pt-br\/responsible-gaming\/","title":{"rendered":"JOGO RESPONS\u00c1VEL"},"content":{"rendered":"<div class=\"main-content-chapter\">JOGO RESPONS\u00c1VEL: SAIBA COMO JOGAR COM RESPONSABILIDADE EM LVBET.COM<\/div>\n<p>A LV BET quer garantir que os clientes joguem de maneira respons\u00e1vel. Reconhecemos que o jogo pode ser viciante para algumas pessoas e afetar negativamente a vidas delas. Como cuidamos de nossos clientes e queremos que os jogos on-line sejam uma experi\u00eancia agrad\u00e1vel, oferecemos v\u00e1rias medidas para que um cliente jogue de maneira respons\u00e1vel. Elas podem ser definidas pelo cliente e incluem o seguinte:<\/p>\n<ul>\n<li><a href=\"https:\/\/sport.lvbet.com\/br\/settings\/responsible-gaming\">Definir limites de dep\u00f3sitos<\/a><\/li>\n<li><a href=\"https:\/\/sport.lvbet.com\/br\/settings\/responsible-gaming\">Definir limites de apostas<\/a><\/li>\n<li><a href=\"https:\/\/sport.lvbet.com\/br\/settings\/responsible-gaming\">Definir limites de perdas<\/a><\/li>\n<li><a href=\"https:\/\/sport.lvbet.com\/br\/settings\/responsible-gaming\">Definir limites de sess\u00e3o de jogo<\/a><\/li>\n<li><a href=\"https:\/\/sport.lvbet.com\/br\/settings\/responsible-gaming\">Autoexclus\u00e3o<\/a><\/li>\n<\/ul>\n<p>Na LV BET, acreditamos que as apostas esportivas e os jogos de cassino devem ser jogados por divers\u00e3o e entretenimento. No entanto, tamb\u00e9m percebemos que o jogo pode ser viciante e existe o risco de voc\u00ea desenvolver um v\u00edcio.<\/p>\n<div class=\"main-content-chapter\">Dicas de jogo respons\u00e1vel<\/div>\n<p>Tomando algumas decis\u00f5es cuidadosas sobre como gastar seu tempo e dinheiro, o jogo pode continuar divertido e inofensivo.<\/p>\n<p>Confira como voc\u00ea pode controlar seu jogo:<\/p>\n<ul>\n<li>Decida antecipadamente um limite de perda e o cumpra.<\/li>\n<li>A aposta de baixo risco \u00e9 uma maneira de jogar com pouca chance de perder o controle. O segredo da aposta de baixo risco \u00e9 perceber que &#8220;\u00e9 apenas um jogo&#8221;.<\/li>\n<li>Nunca pe\u00e7a dinheiro emprestado para jogar.<\/li>\n<li>Defina um limite de tempo.<\/li>\n<li>Fa\u00e7a pausas frequentes.<\/li>\n<li>Equilibre o jogo com outras atividades.<\/li>\n<li>N\u00e3o jogue quando estiver estressado, deprimido, embriagado ou incomodado de alguma outra maneira.<\/li>\n<li>Aposte apenas com dinheiro reservado para entretenimento, nunca com dinheiro para despesas di\u00e1rias.<\/li>\n<\/ul>\n<p>Se voc\u00ea est\u00e1 preocupado com o fato de o jogo ter tomado conta da sua vida ou de outra pessoa, fa\u00e7a as seguintes perguntas:<\/p>\n<ul>\n<li>Algu\u00e9m j\u00e1 criticou seu jogo?<\/li>\n<li>Voc\u00ea j\u00e1 mentiu para encobrir a quantidade de dinheiro ou tempo em que jogou?<\/li>\n<li>Argumentos, frustra\u00e7\u00f5es ou decep\u00e7\u00f5es fazem voc\u00ea querer jogar?<\/li>\n<li>Voc\u00ea joga sozinho por longos per\u00edodos?<\/li>\n<li>Voc\u00ea fica longe do trabalho ou da universidade para jogar?<\/li>\n<li>Voc\u00ea joga para escapar de uma vida chata ou infeliz?<\/li>\n<li>Voc\u00ea est\u00e1 relutante em gastar &#8220;dinheiro de jogo&#8221; em qualquer outra coisa?<\/li>\n<li>Voc\u00ea perdeu o interesse em sua fam\u00edlia, amigos ou passatempos por causa do jogo?<\/li>\n<li>Depois de perder, voc\u00ea sente que deve tentar recuperar suas perdas o mais r\u00e1pido poss\u00edvel?<\/li>\n<li>Quando joga e fica sem dinheiro, voc\u00ea se sente perdido e desesperado e precisa jogar novamente o mais r\u00e1pido poss\u00edvel?<\/li>\n<li>Voc\u00ea joga at\u00e9 o seu \u00faltimo centavo acabar?<\/li>\n<li>Voc\u00ea mentiu, roubou ou pediu emprestado para conseguir dinheiro para jogar ou para pagar d\u00edvidas?<\/li>\n<li>Voc\u00ea se sente deprimido ou suicida por causa do jogo?<\/li>\n<\/ul>\n<p>Se voc\u00ea ainda tem d\u00favidas, experimente a ferramenta de autoavalia\u00e7\u00e3o dispon\u00edvel <a href=\"http:\/\/www.begambleaware.org\/gambling-problems\/do-i-have-a-gambling-problem\">aqui<\/a>.<\/p>\n<div class=\"main-content-chapter\">A\u00e7\u00f5es que podem ser tomadas<\/div>\n<p>A LV BET fornece v\u00e1rias ferramentas para ajudar voc\u00ea a manter uma experi\u00eancia de jogo saud\u00e1vel.<\/p>\n<div class=\"main-content-chapter\">Encerramento da conta<\/div>\n<p>Embora a maioria dos clientes possa aproveitar o jogo, reconhecemos que para um n\u00famero muito pequeno de clientes jogar deixa de ser divertido. Para os clientes que desejam restringir as apostas, fornecemos um servi\u00e7o de encerramento da conta para fechar sua conta. As contas podem ser reabertas posteriormente, mas somente se a solicita\u00e7\u00e3o for feita por escrito e ap\u00f3s um per\u00edodo de reflex\u00e3o de 24 horas. Se voc\u00ea precisar de informa\u00e7\u00f5es relacionadas a esse recurso, entre em contato com o Atendimento ao cliente atrav\u00e9s da se\u00e7\u00e3o Suporte do nosso site.<\/p>\n<div class=\"main-content-chapter\">Autoexclus\u00e3o<\/div>\n<p><strong>Autoexclus\u00e3o por um tempo definido ou indefinido.<\/strong><\/p>\n<p>Para os clientes que desejam restringir as apostas, fornecemos um recurso de autoexclus\u00e3o que permite o encerramento da conta ou das contas por um per\u00edodo m\u00ednimo de 24 horas e at\u00e9 9 meses, conforme solicitado. Se voc\u00ea precisar de informa\u00e7\u00f5es relacionadas a esse recurso, entre em contato com o Atendimento ao cliente atrav\u00e9s da se\u00e7\u00e3o Suporte do nosso site.<\/p>\n<p>A LV BET oferece as seguintes op\u00e7\u00f5es de autoexclus\u00e3o:<\/p>\n<p>Autoexclus\u00e3o definida: isso significa que, ap\u00f3s um per\u00edodo escolhido, sua conta ser\u00e1 reaberta automaticamente e voc\u00ea poder\u00e1 voltar a jogar.<\/p>\n<p>Autoexclus\u00e3o indefinida: n\u00e3o ser\u00e1 revertida automaticamente e sua conta n\u00e3o ser\u00e1 reaberta automaticamente. Depois que voc\u00ea decidir voltar a jogar, reabriremos sua conta com um per\u00edodo de reflex\u00e3o de 24 horas.<\/p>\n<p>Autoexclus\u00e3o permanente: isso significa que sua conta permanecer\u00e1 fechada, a menos que voc\u00ea entre em contato conosco. Ela pode ser reaberta ap\u00f3s um per\u00edodo de reflex\u00e3o de 7 dias e depois de ser analisada por nosso Departamento de Jogo Respons\u00e1vel.<\/p>\n<div class=\"main-content-chapter\">Limite de dep\u00f3sito<\/div>\n<p>Ao definir um limite de dep\u00f3sito, voc\u00ea pode controlar a quantia m\u00e1xima em dinheiro que deseja colocar na conta da LV BET durante um per\u00edodo escolhido. Esse limite permite que voc\u00ea controle seus gastos e impede que voc\u00ea deposite mais do que est\u00e1 financeiramente confort\u00e1vel.<\/p>\n<p>Por exemplo: se voc\u00ea decidir depositar apenas 50 euros por semana, seu limite de dep\u00f3sito semanal n\u00e3o permitir\u00e1 que voc\u00ea deposite mais antes da meia-noite do domingo.<\/p>\n<div class=\"main-content-chapter\">Limite de aposta<\/div>\n<p>Ao definir um limite de aposta, voc\u00ea pode controlar a quantia m\u00e1xima de dinheiro que deseja apostar durante um per\u00edodo escolhido. Esse limite permite que voc\u00ea controle o quanto joga e impede que voc\u00ea aposte mais do que o limite escolhido.<\/p>\n<p>Por exemplo: se voc\u00ea decidir apostar apenas 100 euros por dia, seu limite de aposta di\u00e1rio n\u00e3o permitir\u00e1 que voc\u00ea aposte mais antes da meia-noite.<\/p>\n<div class=\"main-content-chapter\">Limite de perda<\/div>\n<p>Ao definir um limite de perda voc\u00ea pode controlar a quantia m\u00e1xima do saldo do dep\u00f3sito que pode perder durante um per\u00edodo escolhido. O limite permite controlar a quantidade de dinheiro real que voc\u00ea pode perder com seus dep\u00f3sitos (apostas menos pr\u00eamios).<\/p>\n<p>Por exemplo: Se voc\u00ea decidir que pode perder apenas 20 euros por m\u00eas, o limite de perda mensal n\u00e3o permitir\u00e1 que voc\u00ea jogue se seu saldo diminuir 20 euros no total. Se voc\u00ea depositar 50 euros e come\u00e7ar a jogar, o jogo ser\u00e1 interrompido e o saldo n\u00e3o ficar\u00e1 abaixo de 30 euros nesse m\u00eas.<\/p>\n<div class=\"main-content-chapter\">Limite de Sess\u00e3o de Jogo<\/div>\n<p>Ao definir um limite de sess\u00e3o de jogo, voc\u00ea pode controlar o tempo di\u00e1rio em jogos de cassino em nosso site. Este limite permite que voc\u00ea controle a dura\u00e7\u00e3o do seu jogo de cassino e impede que jogue por mais tempo do que o limite de tempo estipulado.<\/p>\n<p>Por exemplo: Caso decida que voc\u00ea pode jogar apenas duas horas por dia, a sua jogabilidade ser\u00e1 interrompida ap\u00f3s 120 minutos, seguindo o seu limite estabelecido.<\/p>\n<div class=\"main-content-chapter\">Prote\u00e7\u00e3o de menores<\/div>\n<p>Com o acesso \u00e0 internet t\u00e3o f\u00e1cil em casas do mundo todo, o jogo on-line respons\u00e1vel depende muito de uma paternidade respons\u00e1vel. Para garantir a seguran\u00e7a infantil on-line, a LV BET incentiva os Jogadores a usar um software de filtragem para impedir que menores acessem material on-line inadequado. Al\u00e9m de ser ilegal, o jogo para menores de idade tamb\u00e9m pode gerar depend\u00eancia e d\u00edvidas enormes feitas por crian\u00e7as sem supervis\u00e3o.<\/p>\n<div class=\"main-content-chapter\">Dicas para os pais:<\/div>\n<ul>\n<li>N\u00e3o deixe seu computador sem vigil\u00e2ncia quando o software do cassino estiver sendo executado.<\/li>\n<li>Proteja sua conta com senha<\/li>\n<li>N\u00e3o permita que menores de 18 anos participem de qualquer atividade de jogo.<\/li>\n<li>Mantenha o n\u00famero da conta do cassino\/casa de apostas esportivas e os cart\u00f5es de cr\u00e9dito fora do alcance das crian\u00e7as.<\/li>\n<li>N\u00e3o salve senhas no seu computador. Insira as senhas, em vez disso.<\/li>\n<li>Limite a quantidade de tempo que seus filhos passam on-line e fa\u00e7a uso de software para impedir que eles acessem material inadequado.<\/li>\n<\/ul>\n<p>Existem v\u00e1rios aplicativos de terceiros dispon\u00edveis que os pais ou respons\u00e1veis \u200b\u200bpodem usar para monitorar ou restringir o acesso dos computadores \u00e0 Internet. Eles incluem:<\/p>\n<ul>\n<li>O software Net Nanny filtra conte\u00fados para proteger as crian\u00e7as de conte\u00fado inapropriado da Internet: <a title=\"\" href=\"http:\/\/www.netnanny.com\/\">www.netnanny.com<\/a><\/li>\n<li>O software CYBERsitter filtra conte\u00fados para permitir que os pais adicionem os sites que desejam bloquear:<a title=\"\" href=\"http:\/\/www.cybersitter.com\/\">www.cybersitter.com<\/a><\/li>\n<\/ul>\n<p>Para saber mais sobre como gerar reconhecimento e entender as tend\u00eancias, al\u00e9m de outros problemas sobre seguran\u00e7a na Internet, tamb\u00e9m recomendamos que os pais acessem o site cofundado pela UE: <a title=\"\" href=\"http:\/\/www.betterinternetforkids.eu\/\">www.betterinternetforkids.eu<\/a><\/p>\n<div class=\"main-content-chapter\">Linha de suporte para viciados em jogos<\/div>\n<p>Se voc\u00ea acredita ser viciado em jogos de azar, recomendamos que voc\u00ea procure ajuda nestas \u00e1reas de nosso site e entre em contato conosco por e-mail. Voc\u00ea tamb\u00e9m pode entrar em contato com as seguintes organiza\u00e7\u00f5es independentes, direta ou anonimamente. Estas organiza\u00e7\u00f5es s\u00e3o treinadas profissionalmente para ajudar:<\/p>\n<ul>\n<li><a title=\"\" href=\"http:\/\/www.gamcare.org.uk\/\">www.gamcare.org.uk<\/a><\/li>\n<li><a title=\"\" href=\"http:\/\/www.gordonmoody.org.uk\/\">www.gordonmoody.org.uk<\/a><\/li>\n<li><a title=\"\" href=\"https:\/\/lvbet.com\/www.gamblersanonymous.org.uk\">www.gamblersanonymous.org.uk<\/a><\/li>\n<li><a title=\"\" href=\"https:\/\/lvbet.com\/www.gamblingtherapy.org\">www.gamblingtherapy.org<\/a><\/li>\n<li><a href=\"http:\/\/https:\/\/www.problemgambling.ie\/\" target=\"_blank\" rel=\"noopener noreferrer\">www.problemgambling.ie<\/a> or call: 089 241 5401 &#8211; only for customers residing in Ireland.<\/li>\n<\/ul>\n<div class=\"main-content-chapter\">Jogadores an\u00f4nimos<\/div>\n<ul>\n<li>E-mail: <a title=\"\" href=\"mailto:isomain@gamblersanonymous.org\">isomain@gamblersanonymous.org<\/a><\/li>\n<li>Site: <a title=\"\" href=\"http:\/\/www.gamblersanonymous.org\/\">www.gamblersanonymous.org<\/a><\/li>\n<li>Endere\u00e7os internacionais podem ser encontrados <a href=\"http:\/\/www.gamblersanonymous.org\/ga\/addresses?page=1\">aqui<\/a>.<\/li>\n<\/ul>\n<p>Voc\u00ea tamb\u00e9m pode baixar a ferramenta de bloqueio &#8220;betblocker&#8221; <a href=\"http:\/\/betblocker.org\/\">aqui <\/a>e bloquear seu acesso para n\u00e3o entrar sites de jogos por um tempo escolhido.<\/p>\n<div class=\"main-content-chapter\">Reality check<\/div>\n<p>Ao definir uma Verifica\u00e7\u00e3o de Realidade, voc\u00ea poder\u00e1 controlar o tempo gasto em nosso Cassino. Uma janela pop-up lembrar\u00e1 que voc\u00ea passou um certo tempo desde que come\u00e7ou a jogar.<\/p>\n<p>Por exemplo: Se definir uma Verifica\u00e7\u00e3o de Realidade para 120 minutos, voc\u00ea receber\u00e1 um pop-up ap\u00f3s 2 horas, lembrando o tempo gasto. Voc\u00ea pode decidir parar ou continuar jogando.<\/p>\n","protected":false},"excerpt":{"rendered":"<p>JOGO RESPONS\u00c1VEL: SAIBA COMO JOGAR COM RESPONSABILIDADE EM LVBET.COM A LV BET quer garantir que os clientes joguem de maneira &hellip;<\/p><\/div>\n<div class=\"read-more\"> <a class=\"\" href=\"https:\/\/cms-static.testowaplatforma123.net\/lvbet-blog-com-casino\/pt-br\/responsible-gaming\/\"> <span class=\"screen-reader-text\">JOGO RESPONS\u00c1VEL<\/span> Veja mais<\/a><\/p>\n","protected":false},"author":1,"featured_media":0,"parent":0,"menu_order":0,"comment_status":"closed","ping_status":"closed","template":"","meta":[],"yoast_head":"<!-- This site is optimized with the Yoast SEO plugin v17.3 - https:\/\/yoast.com\/wordpress\/plugins\/seo\/ -->\n<title>JOGO RESPONS\u00c1VEL - Blog do LVBET<\/title>\n<meta name=\"robots\" content=\"noindex, follow, max-snippet:-1, max-image-preview:large, max-video-preview:-1\" \/>\n<meta property=\"og:locale\" content=\"pt_BR\" \/>\n<meta property=\"og:type\" content=\"article\" \/>\n<meta property=\"og:title\" content=\"JOGO RESPONS\u00c1VEL - Blog do LVBET\" \/>\n<meta property=\"og:description\" content=\"JOGO RESPONS\u00c1VEL: SAIBA COMO JOGAR COM RESPONSABILIDADE EM LVBET.COM A LV BET quer garantir que os clientes joguem de maneira &hellip; JOGO RESPONS\u00c1VEL Veja mais\" \/>\n<meta property=\"og:url\" content=\"https:\/\/cms-static.testowaplatforma123.net\/lvbet-blog-com-casino\/pt-br\/responsible-gaming\/\" \/>\n<meta property=\"og:site_name\" content=\"Blog do LVBET\" \/>\n<meta property=\"article:modified_time\" content=\"2021-05-25T10:38:41+00:00\" \/>\n<meta name=\"twitter:card\" content=\"summary_large_image\" \/>\n<meta name=\"twitter:label1\" content=\"Est. reading time\" \/>\n\t<meta name=\"twitter:data1\" content=\"7 minutes\" \/>\n<script type=\"application\/ld+json\" class=\"yoast-schema-graph\">{\"@context\":\"https:\/\/schema.org\",\"@graph\":[{\"@type\":\"WebSite\",\"@id\":\"https:\/\/cms-static.testowaplatforma123.net\/lvbet-blog-com-casino\/pt-br\/#website\",\"url\":\"https:\/\/cms-static.testowaplatforma123.net\/lvbet-blog-com-casino\/pt-br\/\",\"name\":\"Blog do LVBET\",\"description\":\"Blog de Apostas Esportivas Online\",\"potentialAction\":[{\"@type\":\"SearchAction\",\"target\":{\"@type\":\"EntryPoint\",\"urlTemplate\":\"https:\/\/cms-static.testowaplatforma123.net\/lvbet-blog-com-casino\/pt-br\/?s={search_term_string}\"},\"query-input\":\"required name=search_term_string\"}],\"inLanguage\":\"pt-BR\"},{\"@type\":\"WebPage\",\"@id\":\"https:\/\/cms-static.testowaplatforma123.net\/lvbet-blog-com-casino\/pt-br\/responsible-gaming\/#webpage\",\"url\":\"https:\/\/cms-static.testowaplatforma123.net\/lvbet-blog-com-casino\/pt-br\/responsible-gaming\/\",\"name\":\"JOGO RESPONS\\u00c1VEL - Blog do LVBET\",\"isPartOf\":{\"@id\":\"https:\/\/cms-static.testowaplatforma123.net\/lvbet-blog-com-casino\/pt-br\/#website\"},\"datePublished\":\"2020-11-18T12:24:20+00:00\",\"dateModified\":\"2021-05-25T10:38:41+00:00\",\"breadcrumb\":{\"@id\":\"https:\/\/cms-static.testowaplatforma123.net\/lvbet-blog-com-casino\/pt-br\/responsible-gaming\/#breadcrumb\"},\"inLanguage\":\"pt-BR\",\"potentialAction\":[{\"@type\":\"ReadAction\",\"target\":[\"https:\/\/cms-static.testowaplatforma123.net\/lvbet-blog-com-casino\/pt-br\/responsible-gaming\/\"]}]},{\"@type\":\"BreadcrumbList\",\"@id\":\"https:\/\/cms-static.testowaplatforma123.net\/lvbet-blog-com-casino\/pt-br\/responsible-gaming\/#breadcrumb\",\"itemListElement\":[{\"@type\":\"ListItem\",\"position\":1,\"name\":\"JOGO RESPONS\\u00c1VEL\"}]}]}<\/script>\n<!-- \/ Yoast SEO plugin. -->","yoast_head_json":{"title":"JOGO RESPONS\u00c1VEL - Blog do LVBET","robots":{"index":"noindex","follow":"follow","max-snippet":"max-snippet:-1","max-image-preview":"max-image-preview:large","max-video-preview":"max-video-preview:-1"},"og_locale":"pt_BR","og_type":"article","og_title":"JOGO RESPONS\u00c1VEL - Blog do LVBET","og_description":"JOGO RESPONS\u00c1VEL: SAIBA COMO JOGAR COM RESPONSABILIDADE EM LVBET.COM A LV BET quer garantir que os clientes joguem de maneira &hellip; JOGO RESPONS\u00c1VEL Veja mais","og_url":"https:\/\/cms-static.testowaplatforma123.net\/lvbet-blog-com-casino\/pt-br\/responsible-gaming\/","og_site_name":"Blog do LVBET","article_modified_time":"2021-05-25T10:38:41+00:00","twitter_card":"summary_large_image","twitter_misc":{"Est. reading time":"7 minutes"},"schema":{"@context":"https:\/\/schema.org","@graph":[{"@type":"WebSite","@id":"https:\/\/cms-static.testowaplatforma123.net\/lvbet-blog-com-casino\/pt-br\/#website","url":"https:\/\/cms-static.testowaplatforma123.net\/lvbet-blog-com-casino\/pt-br\/","name":"Blog do LVBET","description":"Blog de Apostas Esportivas Online","potentialAction":[{"@type":"SearchAction","target":{"@type":"EntryPoint","urlTemplate":"https:\/\/cms-static.testowaplatforma123.net\/lvbet-blog-com-casino\/pt-br\/?s={search_term_string}"},"query-input":"required name=search_term_string"}],"inLanguage":"pt-BR"},{"@type":"WebPage","@id":"https:\/\/cms-static.testowaplatforma123.net\/lvbet-blog-com-casino\/pt-br\/responsible-gaming\/#webpage","url":"https:\/\/cms-static.testowaplatforma123.net\/lvbet-blog-com-casino\/pt-br\/responsible-gaming\/","name":"JOGO RESPONS\u00c1VEL - Blog do LVBET","isPartOf":{"@id":"https:\/\/cms-static.testowaplatforma123.net\/lvbet-blog-com-casino\/pt-br\/#website"},"datePublished":"2020-11-18T12:24:20+00:00","dateModified":"2021-05-25T10:38:41+00:00","breadcrumb":{"@id":"https:\/\/cms-static.testowaplatforma123.net\/lvbet-blog-com-casino\/pt-br\/responsible-gaming\/#breadcrumb"},"inLanguage":"pt-BR","potentialAction":[{"@type":"ReadAction","target":["https:\/\/cms-static.testowaplatforma123.net\/lvbet-blog-com-casino\/pt-br\/responsible-gaming\/"]}]},{"@type":"BreadcrumbList","@id":"https:\/\/cms-static.testowaplatforma123.net\/lvbet-blog-com-casino\/pt-br\/responsible-gaming\/#breadcrumb","itemListElement":[{"@type":"ListItem","position":1,"name":"JOGO RESPONS\u00c1VEL"}]}]}},"amp_enabled":true,"_links":{"self":[{"href":"https:\/\/cms-static.testowaplatforma123.net\/lvbet-blog-com-casino\/pt-br\/wp-json\/wp\/v2\/pages\/1412"}],"collection":[{"href":"https:\/\/cms-static.testowaplatforma123.net\/lvbet-blog-com-casino\/pt-br\/wp-json\/wp\/v2\/pages"}],"about":[{"href":"https:\/\/cms-static.testowaplatforma123.net\/lvbet-blog-com-casino\/pt-br\/wp-json\/wp\/v2\/types\/page"}],"author":[{"embeddable":true,"href":"https:\/\/cms-static.testowaplatforma123.net\/lvbet-blog-com-casino\/pt-br\/wp-json\/wp\/v2\/users\/1"}],"replies":[{"embeddable":true,"href":"https:\/\/cms-static.testowaplatforma123.net\/lvbet-blog-com-casino\/pt-br\/wp-json\/wp\/v2\/comments?post=1412"}],"version-history":[{"count":10,"href":"https:\/\/cms-static.testowaplatforma123.net\/lvbet-blog-com-casino\/pt-br\/wp-json\/wp\/v2\/pages\/1412\/revisions"}],"predecessor-version":[{"id":2222,"href":"https:\/\/cms-static.testowaplatforma123.net\/lvbet-blog-com-casino\/pt-br\/wp-json\/wp\/v2\/pages\/1412\/revisions\/2222"}],"wp:attachment":[{"href":"https:\/\/cms-static.testowaplatforma123.net\/lvbet-blog-com-casino\/pt-br\/wp-json\/wp\/v2\/media?parent=1412"}],"curies":[{"name":"wp","href":"https:\/\/api.w.org\/{rel}","templated":true}]}}